{"id":23,"date":"2025-04-07T15:48:19","date_gmt":"2025-04-07T15:48:19","guid":{"rendered":"https:\/\/landaburukirolak.rkinformatika.online\/?page_id=23"},"modified":"2025-04-10T09:58:48","modified_gmt":"2025-04-10T09:58:48","slug":"inicio","status":"publish","type":"page","link":"https:\/\/landaburukirolak.eus\/eu\/","title":{"rendered":"Hasiera"},"content":{"rendered":"<div data-elementor-type=\"wp-post\" data-elementor-id=\"23\" class=\"elementor elementor-23\" data-elementor-post-type=\"page\">\n\t\t\t\t<div class=\"elementor-element elementor-element-f4349b7 e-flex e-con-boxed e-con e-parent\" data-id=\"f4349b7\" data-element_type=\"container\" data-e-type=\"container\" data-settings=\"{&quot;background_background&quot;:&quot;classic&quot;}\">\n\t\t\t\t\t<div class=\"e-con-inner\">\n\t\t\t\t<div class=\"elementor-element elementor-element-6c2ea6a elementor-widget elementor-widget-heading\" data-id=\"6c2ea6a\" data-element_type=\"widget\" data-e-type=\"widget\" data-widget_type=\"heading.default\">\n\t\t\t\t<div class=\"elementor-widget-container\">\n\t\t\t\t\t<h2 class=\"elementor-heading-title elementor-size-default\">Ongi etorri zure konfiantzazko kirol dendara, Santutxuko bihotzean.<\/h2>\t\t\t\t<\/div>\n\t\t\t\t<\/div>\n\t\t\t\t\t<\/div>\n\t\t\t\t<\/div>\n\t\t<div class=\"elementor-element elementor-element-6f34263 e-flex e-con-boxed e-con e-parent\" data-id=\"6f34263\" data-element_type=\"container\" data-e-type=\"container\" data-settings=\"{&quot;background_background&quot;:&quot;classic&quot;,&quot;shape_divider_top&quot;:&quot;waves&quot;,&quot;shape_divider_top_negative&quot;:&quot;yes&quot;,&quot;shape_divider_bottom&quot;:&quot;waves&quot;}\">\n\t\t\t\t\t<div class=\"e-con-inner\">\n\t\t\t\t<div class=\"elementor-shape elementor-shape-top\" aria-hidden=\"true\" data-negative=\"true\">\n\t\t\t<svg xmlns=\"http:\/\/www.w3.org\/2000\/svg\" viewbox=\"0 0 1000 100\" preserveaspectratio=\"none\">\n\t<path class=\"elementor-shape-fill\" d=\"M790.5,93.1c-59.3-5.3-116.8-18-192.6-50c-29.6-12.7-76.9-31-100.5-35.9c-23.6-4.9-52.6-7.8-75.5-5.3\tc-10.2,1.1-22.6,1.4-50.1,7.4c-27.2,6.3-58.2,16.6-79.4,24.7c-41.3,15.9-94.9,21.9-134,22.6C72,58.2,0,25.8,0,25.8V100h1000V65.3\tc0,0-51.5,19.4-106.2,25.7C839.5,97,814.1,95.2,790.5,93.1z\"\/>\n<\/svg>\t\t<\/div>\n\t\t\t\t<div class=\"elementor-shape elementor-shape-bottom\" aria-hidden=\"true\" data-negative=\"false\">\n\t\t\t<svg xmlns=\"http:\/\/www.w3.org\/2000\/svg\" viewbox=\"0 0 1000 100\" preserveaspectratio=\"none\">\n\t<path class=\"elementor-shape-fill\" d=\"M421.9,6.5c22.6-2.5,51.5,0.4,75.5,5.3c23.6,4.9,70.9,23.5,100.5,35.7c75.8,32.2,133.7,44.5,192.6,49.7\tc23.6,2.1,48.7,3.5,103.4-2.5c54.7-6,106.2-25.6,106.2-25.6V0H0v30.3c0,0,72,32.6,158.4,30.5c39.2-0.7,92.8-6.7,134-22.4\tc21.2-8.1,52.2-18.2,79.7-24.2C399.3,7.9,411.6,7.5,421.9,6.5z\"\/>\n<\/svg>\t\t<\/div>\n\t\t<div class=\"elementor-element elementor-element-930ae39 e-con-full e-flex e-con e-child\" data-id=\"930ae39\" data-element_type=\"container\" data-e-type=\"container\">\n\t\t\t\t<div class=\"elementor-element elementor-element-4778ceb elementor-widget elementor-widget-heading\" data-id=\"4778ceb\" data-element_type=\"widget\" data-e-type=\"widget\" data-widget_type=\"heading.default\">\n\t\t\t\t<div class=\"elementor-widget-container\">\n\t\t\t\t\t<h2 class=\"elementor-heading-title elementor-size-default\">Guri buruz<\/h2>\t\t\t\t<\/div>\n\t\t\t\t<\/div>\n\t\t\t\t<div class=\"elementor-element elementor-element-846ec96 elementor-widget elementor-widget-spacer\" data-id=\"846ec96\" data-element_type=\"widget\" data-e-type=\"widget\" data-widget_type=\"spacer.default\">\n\t\t\t\t<div class=\"elementor-widget-container\">\n\t\t\t\t\t\t\t<div class=\"elementor-spacer\">\n\t\t\t<div class=\"elementor-spacer-inner\"><\/div>\n\t\t<\/div>\n\t\t\t\t\t\t<\/div>\n\t\t\t\t<\/div>\n\t\t\t\t<div class=\"elementor-element elementor-element-e18c29c elementor-widget elementor-widget-text-editor\" data-id=\"e18c29c\" data-element_type=\"widget\" data-e-type=\"widget\" data-widget_type=\"text-editor.default\">\n\t\t\t\t<div class=\"elementor-widget-container\">\n\t\t\t\t\t\t\t\t\t<p class=\"\" data-start=\"245\" data-end=\"449\">LANDABURU KIROLAK kirol denda bat baino askoz gehiago da. 35 urte baino gehiagoko esperientzia duen auzoko denda bat gara, beti markarik onenak eta tratu hurbil eta profesionala eskainiz.<\/p><p class=\"\" data-start=\"451\" data-end=\"741\">Kirolarekiko dugun grina aukeratzen dugun produktu bakoitzean eta bisitatzen gaituztenei eskaintzen diegun aholkularitza pertsonalizatuan islatzen da. Running, futbol, igeriketa, outdoor edo, besterik gabe, bilatu erosotasuna eta estiloa zure egunerokoan, hemen aurkituko duzu behar duzuna.<\/p><blockquote data-start=\"914\" data-end=\"985\"><p class=\"\" data-start=\"916\" data-end=\"985\">\u00a0<\/p><\/blockquote>\t\t\t\t\t\t\t\t<\/div>\n\t\t\t\t<\/div>\n\t\t\t\t<\/div>\n\t\t<div class=\"elementor-element elementor-element-b4c60e9 e-con-full e-flex e-con e-child\" data-id=\"b4c60e9\" data-element_type=\"container\" data-e-type=\"container\">\n\t\t\t\t<\/div>\n\t\t\t\t\t<\/div>\n\t\t\t\t<\/div>\n\t\t<div class=\"elementor-element elementor-element-958015d e-con-full e-flex e-con e-parent\" data-id=\"958015d\" data-element_type=\"container\" data-e-type=\"container\">\n\t\t\t\t<div class=\"elementor-element elementor-element-a14154c elementor-widget elementor-widget-image-carousel\" data-id=\"a14154c\" data-element_type=\"widget\" data-e-type=\"widget\" data-settings=\"{&quot;navigation&quot;:&quot;none&quot;,&quot;autoplay_speed&quot;:3000,&quot;slides_to_show&quot;:&quot;5&quot;,&quot;slides_to_show_tablet&quot;:&quot;3&quot;,&quot;slides_to_show_mobile&quot;:&quot;2&quot;,&quot;autoplay&quot;:&quot;yes&quot;,&quot;infinite&quot;:&quot;yes&quot;,&quot;speed&quot;:500}\" data-widget_type=\"image-carousel.default\">\n\t\t\t\t<div class=\"elementor-widget-container\">\n\t\t\t\t\t\t\t<div class=\"elementor-image-carousel-wrapper swiper\" role=\"region\" aria-roledescription=\"carousel\" aria-label=\"Carrusel de im\u00e1genes\" dir=\"ltr\">\n\t\t\t<div class=\"elementor-image-carousel swiper-wrapper\" aria-live=\"off\">\n\t\t\t\t\t\t\t\t<div class=\"swiper-slide\" role=\"group\" aria-roledescription=\"slide\" aria-label=\"1 of 5\"><figure class=\"swiper-slide-inner\"><img decoding=\"async\" class=\"swiper-slide-image\" src=\"https:\/\/landaburukirolak.eus\/wp-content\/uploads\/2025\/04\/Puma-Logo-Symbol-150x150.png\" alt=\"Puma-Logo-Symbol\" \/><\/figure><\/div><div class=\"swiper-slide\" role=\"group\" aria-roledescription=\"slide\" aria-label=\"2 of 5\"><figure class=\"swiper-slide-inner\"><img decoding=\"async\" class=\"swiper-slide-image\" src=\"https:\/\/landaburukirolak.eus\/wp-content\/uploads\/2025\/04\/new-balance-logo-png_seeklogo-171399-150x150.png\" alt=\"new-balance-logo-png_seeklogo-171399\" \/><\/figure><\/div><div class=\"swiper-slide\" role=\"group\" aria-roledescription=\"slide\" aria-label=\"3 of 5\"><figure class=\"swiper-slide-inner\"><img decoding=\"async\" class=\"swiper-slide-image\" src=\"https:\/\/landaburukirolak.eus\/wp-content\/uploads\/2025\/04\/asics-logo-png_seeklogo-305773-150x150.png\" alt=\"asics-logo-png_seeklogo-305773\" \/><\/figure><\/div><div class=\"swiper-slide\" role=\"group\" aria-roledescription=\"slide\" aria-label=\"4 of 5\"><figure class=\"swiper-slide-inner\"><img decoding=\"async\" class=\"swiper-slide-image\" src=\"https:\/\/landaburukirolak.eus\/wp-content\/uploads\/2025\/04\/Skechers-01-800x800-1-150x150.png\" alt=\"Skechers-01-800x800\" \/><\/figure><\/div><div class=\"swiper-slide\" role=\"group\" aria-roledescription=\"slide\" aria-label=\"5 of 5\"><figure class=\"swiper-slide-inner\"><img decoding=\"async\" class=\"swiper-slide-image\" src=\"https:\/\/landaburukirolak.eus\/wp-content\/uploads\/2025\/04\/Diseno-sin-titulo-150x150.png\" alt=\"Dise\u00f1o sin t\u00edtulo\" \/><\/figure><\/div>\t\t\t<\/div>\n\t\t\t\t\t\t\t\n\t\t\t\t\t\t\t\t\t<\/div>\n\t\t\t\t\t\t<\/div>\n\t\t\t\t<\/div>\n\t\t\t\t<\/div>\n\t\t<div class=\"elementor-element elementor-element-e469cea e-flex e-con-boxed elementor-invisible e-con e-parent\" data-id=\"e469cea\" data-element_type=\"container\" data-e-type=\"container\" data-settings=\"{&quot;background_background&quot;:&quot;classic&quot;,&quot;animation&quot;:&quot;fadeIn&quot;}\">\n\t\t\t\t\t<div class=\"e-con-inner\">\n\t\t<div class=\"elementor-element elementor-element-bb93987 e-con-full e-flex e-con e-child\" data-id=\"bb93987\" data-element_type=\"container\" data-e-type=\"container\" data-settings=\"{&quot;background_background&quot;:&quot;classic&quot;}\">\n\t\t\t\t<div class=\"elementor-element elementor-element-859d01b elementor-widget elementor-widget-heading\" data-id=\"859d01b\" data-element_type=\"widget\" data-e-type=\"widget\" data-widget_type=\"heading.default\">\n\t\t\t\t<div class=\"elementor-widget-container\">\n\t\t\t\t\t<h3 class=\"elementor-heading-title elementor-size-default\">Zergatik aukeratu?<\/h3>\t\t\t\t<\/div>\n\t\t\t\t<\/div>\n\t\t\t\t<div class=\"elementor-element elementor-element-41c768f elementor-widget elementor-widget-text-editor\" data-id=\"41c768f\" data-element_type=\"widget\" data-e-type=\"widget\" data-widget_type=\"text-editor.default\">\n\t\t\t\t<div class=\"elementor-widget-container\">\n\t\t\t\t\t\t\t\t\t<p class=\"\" data-start=\"504\" data-end=\"825\">Adidas, Asics, Skechers, Puma eta New Balance kirol marka ezagunenekin lan egiten dugu, besteak beste, uste dugulako pertsona bakoitzak onena merezi duela bere onena emateko. Korrika egiteko, igeri egiteko, entrenatzeko edo, besterik gabe, eroso eta estiloarekin sentitzeko, hemen aurkituko duzu zehazki behar duzuna.<\/p><p class=\"\" data-start=\"827\" data-end=\"1098\">Santutxuko merkataritza lokala gara, bizitza osokoa, eta esentzia hori da oraindik ere gure lanaren bihotza: hurbiltasuna, konfiantza eta auzoarekiko konpromisoa. Gu aukeratzea saltoki txikiari laguntzea da, ezagutzen zaituenari, entzuten zaituenari eta beti laguntzeko prest dagoenari laguntzea.<\/p>\t\t\t\t\t\t\t\t<\/div>\n\t\t\t\t<\/div>\n\t\t\t\t<\/div>\n\t\t\t\t\t<\/div>\n\t\t\t\t<\/div>\n\t\t\t\t<\/div>","protected":false},"excerpt":{"rendered":"<p>Bienvenido a tu tienda de deportes de confianza, en el coraz\u00f3n de Santutxu. Sobre nosotros LANDABURU KIROLAK es mucho m\u00e1s que una tienda de deporte. Somos un comercio de barrio con m\u00e1s de 35 a\u00f1os de experiencia, ofreciendo siempre las mejores marcas y un trato cercano y profesional. Nuestra pasi\u00f3n por el deporte se refleja [&hellip;]<\/p>\n","protected":false},"author":1,"featured_media":0,"parent":0,"menu_order":0,"comment_status":"closed","ping_status":"closed","template":"","meta":{"footnotes":""},"class_list":["post-23","page","type-page","status-publish","hentry"],"yoast_head":"<!-- This site is optimized with the Yoast SEO plugin v27.5 - https:\/\/yoast.com\/product\/yoast-seo-wordpress\/ -->\n<title>Inicio - Landaburu Kirolak<\/title>\n<meta name=\"robots\" content=\"index, follow, max-snippet:-1, max-image-preview:large, max-video-preview:-1\" \/>\n<link rel=\"canonical\" href=\"https:\/\/landaburukirolak.eus\/eu\/\" \/>\n<meta property=\"og:locale\" content=\"en_US\" \/>\n<meta property=\"og:type\" content=\"article\" \/>\n<meta property=\"og:title\" content=\"Inicio - Landaburu Kirolak\" \/>\n<meta property=\"og:description\" content=\"Bienvenido a tu tienda de deportes de confianza, en el coraz\u00f3n de Santutxu. Sobre nosotros LANDABURU KIROLAK es mucho m\u00e1s que una tienda de deporte. Somos un comercio de barrio con m\u00e1s de 35 a\u00f1os de experiencia, ofreciendo siempre las mejores marcas y un trato cercano y profesional. Nuestra pasi\u00f3n por el deporte se refleja [&hellip;]\" \/>\n<meta property=\"og:url\" content=\"https:\/\/landaburukirolak.eus\/eu\/\" \/>\n<meta property=\"og:site_name\" content=\"Landaburu Kirolak\" \/>\n<meta property=\"article:modified_time\" content=\"2025-04-10T09:58:48+00:00\" \/>\n<meta property=\"og:image\" content=\"https:\/\/landaburukirolak.eus\/wp-content\/uploads\/2025\/04\/Puma-Logo-Symbol-150x150.png\" \/>\n<meta name=\"twitter:card\" content=\"summary_large_image\" \/>\n<meta name=\"twitter:label1\" content=\"Est. reading time\" \/>\n\t<meta name=\"twitter:data1\" content=\"4 minutua\" \/>\n<script type=\"application\/ld+json\" class=\"yoast-schema-graph\">{\"@context\":\"https:\\\/\\\/schema.org\",\"@graph\":[{\"@type\":\"WebPage\",\"@id\":\"https:\\\/\\\/landaburukirolak.eus\\\/\",\"url\":\"https:\\\/\\\/landaburukirolak.eus\\\/\",\"name\":\"Inicio - Landaburu Kirolak\",\"isPartOf\":{\"@id\":\"https:\\\/\\\/landaburukirolak.eus\\\/#website\"},\"primaryImageOfPage\":{\"@id\":\"https:\\\/\\\/landaburukirolak.eus\\\/#primaryimage\"},\"image\":{\"@id\":\"https:\\\/\\\/landaburukirolak.eus\\\/#primaryimage\"},\"thumbnailUrl\":\"https:\\\/\\\/landaburukirolak.eus\\\/wp-content\\\/uploads\\\/2025\\\/04\\\/Puma-Logo-Symbol-150x150.png\",\"datePublished\":\"2025-04-07T15:48:19+00:00\",\"dateModified\":\"2025-04-10T09:58:48+00:00\",\"breadcrumb\":{\"@id\":\"https:\\\/\\\/landaburukirolak.eus\\\/#breadcrumb\"},\"inLanguage\":\"eu\",\"potentialAction\":[{\"@type\":\"ReadAction\",\"target\":[\"https:\\\/\\\/landaburukirolak.eus\\\/\"]}]},{\"@type\":\"ImageObject\",\"inLanguage\":\"eu\",\"@id\":\"https:\\\/\\\/landaburukirolak.eus\\\/#primaryimage\",\"url\":\"https:\\\/\\\/landaburukirolak.eus\\\/wp-content\\\/uploads\\\/2025\\\/04\\\/Puma-Logo-Symbol-150x150.png\",\"contentUrl\":\"https:\\\/\\\/landaburukirolak.eus\\\/wp-content\\\/uploads\\\/2025\\\/04\\\/Puma-Logo-Symbol-150x150.png\"},{\"@type\":\"BreadcrumbList\",\"@id\":\"https:\\\/\\\/landaburukirolak.eus\\\/#breadcrumb\",\"itemListElement\":[{\"@type\":\"ListItem\",\"position\":1,\"name\":\"Portada\",\"item\":\"https:\\\/\\\/landaburukirolak.eus\\\/\"},{\"@type\":\"ListItem\",\"position\":2,\"name\":\"Inicio\"}]},{\"@type\":\"WebSite\",\"@id\":\"https:\\\/\\\/landaburukirolak.eus\\\/#website\",\"url\":\"https:\\\/\\\/landaburukirolak.eus\\\/\",\"name\":\"Landaburu Kirolak\",\"description\":\"\",\"publisher\":{\"@id\":\"https:\\\/\\\/landaburukirolak.eus\\\/#organization\"},\"potentialAction\":[{\"@type\":\"SearchAction\",\"target\":{\"@type\":\"EntryPoint\",\"urlTemplate\":\"https:\\\/\\\/landaburukirolak.eus\\\/?s={search_term_string}\"},\"query-input\":{\"@type\":\"PropertyValueSpecification\",\"valueRequired\":true,\"valueName\":\"search_term_string\"}}],\"inLanguage\":\"eu\"},{\"@type\":\"Organization\",\"@id\":\"https:\\\/\\\/landaburukirolak.eus\\\/#organization\",\"name\":\"Landaburu Kirolak\",\"url\":\"https:\\\/\\\/landaburukirolak.eus\\\/\",\"logo\":{\"@type\":\"ImageObject\",\"inLanguage\":\"eu\",\"@id\":\"https:\\\/\\\/landaburukirolak.eus\\\/#\\\/schema\\\/logo\\\/image\\\/\",\"url\":\"https:\\\/\\\/landaburukirolak.eus\\\/wp-content\\\/uploads\\\/2025\\\/04\\\/cropped-cropped-kIROLAK-02.png\",\"contentUrl\":\"https:\\\/\\\/landaburukirolak.eus\\\/wp-content\\\/uploads\\\/2025\\\/04\\\/cropped-cropped-kIROLAK-02.png\",\"width\":1920,\"height\":750,\"caption\":\"Landaburu Kirolak\"},\"image\":{\"@id\":\"https:\\\/\\\/landaburukirolak.eus\\\/#\\\/schema\\\/logo\\\/image\\\/\"}}]}<\/script>\n<!-- \/ Yoast SEO plugin. -->","yoast_head_json":{"title":"Inicio - Landaburu Kirolak","robots":{"index":"index","follow":"follow","max-snippet":"max-snippet:-1","max-image-preview":"max-image-preview:large","max-video-preview":"max-video-preview:-1"},"canonical":"https:\/\/landaburukirolak.eus\/eu\/","og_locale":"en_US","og_type":"article","og_title":"Inicio - Landaburu Kirolak","og_description":"Bienvenido a tu tienda de deportes de confianza, en el coraz\u00f3n de Santutxu. Sobre nosotros LANDABURU KIROLAK es mucho m\u00e1s que una tienda de deporte. Somos un comercio de barrio con m\u00e1s de 35 a\u00f1os de experiencia, ofreciendo siempre las mejores marcas y un trato cercano y profesional. Nuestra pasi\u00f3n por el deporte se refleja [&hellip;]","og_url":"https:\/\/landaburukirolak.eus\/eu\/","og_site_name":"Landaburu Kirolak","article_modified_time":"2025-04-10T09:58:48+00:00","og_image":[{"url":"https:\/\/landaburukirolak.eus\/wp-content\/uploads\/2025\/04\/Puma-Logo-Symbol-150x150.png","type":"","width":"","height":""}],"twitter_card":"summary_large_image","twitter_misc":{"Est. reading time":"4 minutua"},"schema":{"@context":"https:\/\/schema.org","@graph":[{"@type":"WebPage","@id":"https:\/\/landaburukirolak.eus\/","url":"https:\/\/landaburukirolak.eus\/","name":"Inicio - Landaburu Kirolak","isPartOf":{"@id":"https:\/\/landaburukirolak.eus\/#website"},"primaryImageOfPage":{"@id":"https:\/\/landaburukirolak.eus\/#primaryimage"},"image":{"@id":"https:\/\/landaburukirolak.eus\/#primaryimage"},"thumbnailUrl":"https:\/\/landaburukirolak.eus\/wp-content\/uploads\/2025\/04\/Puma-Logo-Symbol-150x150.png","datePublished":"2025-04-07T15:48:19+00:00","dateModified":"2025-04-10T09:58:48+00:00","breadcrumb":{"@id":"https:\/\/landaburukirolak.eus\/#breadcrumb"},"inLanguage":"eu","potentialAction":[{"@type":"ReadAction","target":["https:\/\/landaburukirolak.eus\/"]}]},{"@type":"ImageObject","inLanguage":"eu","@id":"https:\/\/landaburukirolak.eus\/#primaryimage","url":"https:\/\/landaburukirolak.eus\/wp-content\/uploads\/2025\/04\/Puma-Logo-Symbol-150x150.png","contentUrl":"https:\/\/landaburukirolak.eus\/wp-content\/uploads\/2025\/04\/Puma-Logo-Symbol-150x150.png"},{"@type":"BreadcrumbList","@id":"https:\/\/landaburukirolak.eus\/#breadcrumb","itemListElement":[{"@type":"ListItem","position":1,"name":"Portada","item":"https:\/\/landaburukirolak.eus\/"},{"@type":"ListItem","position":2,"name":"Inicio"}]},{"@type":"WebSite","@id":"https:\/\/landaburukirolak.eus\/#website","url":"https:\/\/landaburukirolak.eus\/","name":"Landaburu Kirolak","description":"","publisher":{"@id":"https:\/\/landaburukirolak.eus\/#organization"},"potentialAction":[{"@type":"SearchAction","target":{"@type":"EntryPoint","urlTemplate":"https:\/\/landaburukirolak.eus\/?s={search_term_string}"},"query-input":{"@type":"PropertyValueSpecification","valueRequired":true,"valueName":"search_term_string"}}],"inLanguage":"eu"},{"@type":"Organization","@id":"https:\/\/landaburukirolak.eus\/#organization","name":"Landaburu Kirolak","url":"https:\/\/landaburukirolak.eus\/","logo":{"@type":"ImageObject","inLanguage":"eu","@id":"https:\/\/landaburukirolak.eus\/#\/schema\/logo\/image\/","url":"https:\/\/landaburukirolak.eus\/wp-content\/uploads\/2025\/04\/cropped-cropped-kIROLAK-02.png","contentUrl":"https:\/\/landaburukirolak.eus\/wp-content\/uploads\/2025\/04\/cropped-cropped-kIROLAK-02.png","width":1920,"height":750,"caption":"Landaburu Kirolak"},"image":{"@id":"https:\/\/landaburukirolak.eus\/#\/schema\/logo\/image\/"}}]}},"_links":{"self":[{"href":"https:\/\/landaburukirolak.eus\/eu\/wp-json\/wp\/v2\/pages\/23","targetHints":{"allow":["GET"]}}],"collection":[{"href":"https:\/\/landaburukirolak.eus\/eu\/wp-json\/wp\/v2\/pages"}],"about":[{"href":"https:\/\/landaburukirolak.eus\/eu\/wp-json\/wp\/v2\/types\/page"}],"author":[{"embeddable":true,"href":"https:\/\/landaburukirolak.eus\/eu\/wp-json\/wp\/v2\/users\/1"}],"replies":[{"embeddable":true,"href":"https:\/\/landaburukirolak.eus\/eu\/wp-json\/wp\/v2\/comments?post=23"}],"version-history":[{"count":212,"href":"https:\/\/landaburukirolak.eus\/eu\/wp-json\/wp\/v2\/pages\/23\/revisions"}],"predecessor-version":[{"id":741,"href":"https:\/\/landaburukirolak.eus\/eu\/wp-json\/wp\/v2\/pages\/23\/revisions\/741"}],"wp:attachment":[{"href":"https:\/\/landaburukirolak.eus\/eu\/wp-json\/wp\/v2\/media?parent=23"}],"curies":[{"name":"wp","href":"https:\/\/api.w.org\/{rel}","templated":true}]}}